{"id":33338,"date":"2023-10-11T14:02:08","date_gmt":"2023-10-11T12:02:08","guid":{"rendered":"https:\/\/hebergement2.ch\/?page_id=33338"},"modified":"2023-11-29T16:31:03","modified_gmt":"2023-11-29T15:31:03","slug":"gift-voucher","status":"publish","type":"page","link":"https:\/\/ess-villars.ch\/fr\/cours\/bon-cadeau","title":{"rendered":"Bon cadeau"},"content":{"rendered":"\t\t<div data-elementor-type=\"wp-page\" data-elementor-id=\"33338\" class=\"elementor elementor-33338\" data-elementor-post-type=\"page\">\n\t\t\t\t<div class=\"elementor-element elementor-element-26f0023 e-flex e-con-boxed e-con e-parent\" data-id=\"26f0023\" data-element_type=\"container\" data-e-type=\"container\" data-settings=\"{&quot;background_background&quot;:&quot;classic&quot;}\">\n\t\t\t\t\t<div class=\"e-con-inner\">\n\t\t\t\t\t<\/div>\n\t\t\t\t<\/div>\n\t\t<div class=\"elementor-element elementor-element-19915e1 e-flex e-con-boxed e-con e-parent\" data-id=\"19915e1\" data-element_type=\"container\" data-e-type=\"container\">\n\t\t\t\t\t<div class=\"e-con-inner\">\n\t\t<div class=\"elementor-element elementor-element-a1a0446 e-con-full e-flex e-con e-child\" data-id=\"a1a0446\" data-element_type=\"container\" data-e-type=\"container\" data-settings=\"{&quot;background_background&quot;:&quot;classic&quot;}\">\n\t\t\t\t<div class=\"elementor-element elementor-element-3614810 elementor-widget elementor-widget-heading\" data-id=\"3614810\" data-element_type=\"widget\" data-e-type=\"widget\" data-widget_type=\"heading.default\">\n\t\t\t\t<div class=\"elementor-widget-container\">\n\t\t\t\t\t<h2 class=\"elementor-heading-title elementor-size-default\">Vous voulez faire plaisir \u00e0 vos proches ?<br>Offrez un bon cadeau de l'ESS Villars ! <\/h2>\t\t\t\t<\/div>\n\t\t\t\t<\/div>\n\t\t\t\t<div class=\"elementor-element elementor-element-4c3adb7 elementor-widget elementor-widget-heading\" data-id=\"4c3adb7\" data-element_type=\"widget\" data-e-type=\"widget\" data-widget_type=\"heading.default\">\n\t\t\t\t<div class=\"elementor-widget-container\">\n\t\t\t\t\t<h3 class=\"elementor-heading-title elementor-size-default\">J'ach\u00e8te un bon cadeau en ligne et le re\u00e7ois par la poste.<\/h3>\t\t\t\t<\/div>\n\t\t\t\t<\/div>\n\t\t\t\t<div class=\"elementor-element elementor-element-6943931 elementor-widget-tablet__width-initial elementor-widget-mobile__width-inherit elementor-widget elementor-widget-button\" data-id=\"6943931\" data-element_type=\"widget\" data-e-type=\"widget\" data-widget_type=\"button.default\">\n\t\t\t\t<div class=\"elementor-widget-container\">\n\t\t\t\t\t\t\t\t\t<div class=\"elementor-button-wrapper\">\n\t\t\t\t\t<a class=\"elementor-button elementor-button-link elementor-size-sm\" href=\"https:\/\/buy.stripe.com\/6oE00o7wFbxy7qEbIN\" target=\"_blank\">\n\t\t\t\t\t\t<span class=\"elementor-button-content-wrapper\">\n\t\t\t\t\t\t\t\t\t<span class=\"elementor-button-text\">Bon cadeau de CHF 80.-<\/span>\n\t\t\t\t\t<\/span>\n\t\t\t\t\t<\/a>\n\t\t\t\t<\/div>\n\t\t\t\t\t\t\t\t<\/div>\n\t\t\t\t<\/div>\n\t\t\t\t<div class=\"elementor-element elementor-element-82e8014 elementor-widget-tablet__width-initial elementor-widget-mobile__width-inherit elementor-widget elementor-widget-button\" data-id=\"82e8014\" data-element_type=\"widget\" data-e-type=\"widget\" data-widget_type=\"button.default\">\n\t\t\t\t<div class=\"elementor-widget-container\">\n\t\t\t\t\t\t\t\t\t<div class=\"elementor-button-wrapper\">\n\t\t\t\t\t<a class=\"elementor-button elementor-button-link elementor-size-sm\" href=\"https:\/\/buy.stripe.com\/bIY00o4kt59afXaaEK\" target=\"_blank\">\n\t\t\t\t\t\t<span class=\"elementor-button-content-wrapper\">\n\t\t\t\t\t\t\t\t\t<span class=\"elementor-button-text\">Bon cadeau de CHF 100.-<\/span>\n\t\t\t\t\t<\/span>\n\t\t\t\t\t<\/a>\n\t\t\t\t<\/div>\n\t\t\t\t\t\t\t\t<\/div>\n\t\t\t\t<\/div>\n\t\t\t\t<div class=\"elementor-element elementor-element-8ee16c7 elementor-widget-tablet__width-initial elementor-widget-mobile__width-inherit elementor-widget elementor-widget-button\" data-id=\"8ee16c7\" data-element_type=\"widget\" data-e-type=\"widget\" data-widget_type=\"button.default\">\n\t\t\t\t<div class=\"elementor-widget-container\">\n\t\t\t\t\t\t\t\t\t<div class=\"elementor-button-wrapper\">\n\t\t\t\t\t<a class=\"elementor-button elementor-button-link elementor-size-sm\" href=\"https:\/\/buy.stripe.com\/cN214s8AJ1WY4es3cj\" target=\"_blank\">\n\t\t\t\t\t\t<span class=\"elementor-button-content-wrapper\">\n\t\t\t\t\t\t\t\t\t<span class=\"elementor-button-text\">Bon cadeau de CHF 200.-<\/span>\n\t\t\t\t\t<\/span>\n\t\t\t\t\t<\/a>\n\t\t\t\t<\/div>\n\t\t\t\t\t\t\t\t<\/div>\n\t\t\t\t<\/div>\n\t\t\t\t<div class=\"elementor-element elementor-element-a016956 elementor-widget-tablet__width-initial elementor-widget-mobile__width-inherit elementor-widget elementor-widget-button\" data-id=\"a016956\" data-element_type=\"widget\" data-e-type=\"widget\" data-widget_type=\"button.default\">\n\t\t\t\t<div class=\"elementor-widget-container\">\n\t\t\t\t\t\t\t\t\t<div class=\"elementor-button-wrapper\">\n\t\t\t\t\t<a class=\"elementor-button elementor-button-link elementor-size-sm\" href=\"https:\/\/buy.stripe.com\/bIYfZm04d0SU12g008\" target=\"_blank\">\n\t\t\t\t\t\t<span class=\"elementor-button-content-wrapper\">\n\t\t\t\t\t\t\t\t\t<span class=\"elementor-button-text\">Bon cadeau de CHF 500.-<\/span>\n\t\t\t\t\t<\/span>\n\t\t\t\t\t<\/a>\n\t\t\t\t<\/div>\n\t\t\t\t\t\t\t\t<\/div>\n\t\t\t\t<\/div>\n\t\t\t\t<\/div>\n\t\t<div class=\"elementor-element elementor-element-160c795 e-con-full e-flex e-con e-child\" data-id=\"160c795\" data-element_type=\"container\" data-e-type=\"container\">\n\t\t\t\t<div class=\"elementor-element elementor-element-35e83b2 elementor-widget elementor-widget-image\" data-id=\"35e83b2\" data-element_type=\"widget\" data-e-type=\"widget\" data-widget_type=\"image.default\">\n\t\t\t\t<div class=\"elementor-widget-container\">\n\t\t\t\t\t\t\t\t\t\t\t\t\t\t\t<img fetchpriority=\"high\" decoding=\"async\" width=\"915\" height=\"655\" src=\"https:\/\/ess-villars.ch\/wp-content\/uploads\/2023\/10\/bon-cadeau.png\" class=\"attachment-full size-full wp-image-33758\" alt=\"\" srcset=\"https:\/\/ess-villars.ch\/wp-content\/uploads\/2023\/10\/bon-cadeau.png 915w, https:\/\/ess-villars.ch\/wp-content\/uploads\/2023\/10\/bon-cadeau-300x215.png 300w, https:\/\/ess-villars.ch\/wp-content\/uploads\/2023\/10\/bon-cadeau-768x550.png 768w\" sizes=\"(max-width: 915px) 100vw, 915px\" \/>\t\t\t\t\t\t\t\t\t\t\t\t\t\t\t<\/div>\n\t\t\t\t<\/div>\n\t\t\t\t<\/div>\n\t\t\t\t\t<\/div>\n\t\t\t\t<\/div>\n\t\t\t\t<\/div>\n\t\t","protected":false},"excerpt":{"rendered":"<p>Vous voulez faire plaisir \u00e0 vos proches ?Offrez un bon cadeau de l&rsquo;ESS Villars ! J&rsquo;ach\u00e8te un bon cadeau en ligne et le re\u00e7ois par la poste. Bon cadeau de CHF 80.- Bon cadeau de CHF 100.- Bon cadeau de CHF 200.- Bon cadeau de CHF 500.-<\/p>\n","protected":false},"author":1,"featured_media":0,"parent":0,"menu_order":0,"comment_status":"closed","ping_status":"closed","template":"","meta":{"_acf_changed":false,"footnotes":""},"class_list":["post-33338","page","type-page","status-publish","hentry"],"acf":[],"yoast_head":"<!-- This site is optimized with the Yoast SEO plugin v27.6 - https:\/\/yoast.com\/product\/yoast-seo-wordpress\/ -->\n<title>Bon cadeau - ESS Villars<\/title>\n<meta name=\"robots\" content=\"index, follow, max-snippet:-1, max-image-preview:large, max-video-preview:-1\" \/>\n<link rel=\"canonical\" href=\"https:\/\/ess-villars.ch\/fr\/cours\/bon-cadeau\/\" \/>\n<meta property=\"og:locale\" content=\"fr_FR\" \/>\n<meta property=\"og:type\" content=\"article\" \/>\n<meta property=\"og:title\" content=\"Bon cadeau - ESS Villars\" \/>\n<meta property=\"og:description\" content=\"Vous voulez faire plaisir \u00e0 vos proches ?Offrez un bon cadeau de l&rsquo;ESS Villars ! J&rsquo;ach\u00e8te un bon cadeau en ligne et le re\u00e7ois par la poste. Bon cadeau de CHF 80.- Bon cadeau de CHF 100.- Bon cadeau de CHF 200.- Bon cadeau de CHF 500.-\" \/>\n<meta property=\"og:url\" content=\"https:\/\/ess-villars.ch\/fr\/cours\/bon-cadeau\" \/>\n<meta property=\"og:site_name\" content=\"ESS Villars\" \/>\n<meta property=\"article:modified_time\" content=\"2023-11-29T15:31:03+00:00\" \/>\n<meta property=\"og:image\" content=\"https:\/\/ess-villars.ch\/wp-content\/uploads\/2023\/10\/bon-cadeau.png\" \/>\n<meta name=\"twitter:card\" content=\"summary_large_image\" \/>\n<meta name=\"twitter:label1\" content=\"Dur\u00e9e de lecture estim\u00e9e\" \/>\n\t<meta name=\"twitter:data1\" content=\"1 minute\" \/>\n<script type=\"application\/ld+json\" class=\"yoast-schema-graph\">{\"@context\":\"https:\\\/\\\/schema.org\",\"@graph\":[{\"@type\":\"WebPage\",\"@id\":\"https:\\\/\\\/ess-villars.ch\\\/fr\\\/cours\\\/bon-cadeau\",\"url\":\"https:\\\/\\\/ess-villars.ch\\\/fr\\\/cours\\\/bon-cadeau\",\"name\":\"Bon cadeau - ESS Villars\",\"isPartOf\":{\"@id\":\"https:\\\/\\\/ess-villars.ch\\\/fr\\\/#website\"},\"primaryImageOfPage\":{\"@id\":\"https:\\\/\\\/ess-villars.ch\\\/fr\\\/cours\\\/bon-cadeau#primaryimage\"},\"image\":{\"@id\":\"https:\\\/\\\/ess-villars.ch\\\/fr\\\/cours\\\/bon-cadeau#primaryimage\"},\"thumbnailUrl\":\"https:\\\/\\\/ess-villars.ch\\\/wp-content\\\/uploads\\\/2023\\\/10\\\/bon-cadeau.png\",\"datePublished\":\"2023-10-11T12:02:08+00:00\",\"dateModified\":\"2023-11-29T15:31:03+00:00\",\"breadcrumb\":{\"@id\":\"https:\\\/\\\/ess-villars.ch\\\/fr\\\/cours\\\/bon-cadeau#breadcrumb\"},\"inLanguage\":\"fr-FR\",\"potentialAction\":[{\"@type\":\"ReadAction\",\"target\":[\"https:\\\/\\\/ess-villars.ch\\\/fr\\\/cours\\\/bon-cadeau\"]}]},{\"@type\":\"ImageObject\",\"inLanguage\":\"fr-FR\",\"@id\":\"https:\\\/\\\/ess-villars.ch\\\/fr\\\/cours\\\/bon-cadeau#primaryimage\",\"url\":\"https:\\\/\\\/ess-villars.ch\\\/wp-content\\\/uploads\\\/2023\\\/10\\\/bon-cadeau.png\",\"contentUrl\":\"https:\\\/\\\/ess-villars.ch\\\/wp-content\\\/uploads\\\/2023\\\/10\\\/bon-cadeau.png\"},{\"@type\":\"BreadcrumbList\",\"@id\":\"https:\\\/\\\/ess-villars.ch\\\/fr\\\/cours\\\/bon-cadeau#breadcrumb\",\"itemListElement\":[{\"@type\":\"ListItem\",\"position\":1,\"name\":\"Home\",\"item\":\"https:\\\/\\\/ess-villars.ch\\\/fr\\\/\"},{\"@type\":\"ListItem\",\"position\":2,\"name\":\"Bon cadeau\"}]},{\"@type\":\"WebSite\",\"@id\":\"https:\\\/\\\/ess-villars.ch\\\/fr\\\/#website\",\"url\":\"https:\\\/\\\/ess-villars.ch\\\/fr\\\/\",\"name\":\"ESS Villars\",\"description\":\"Join the red legend !\",\"publisher\":{\"@id\":\"https:\\\/\\\/ess-villars.ch\\\/fr\\\/#organization\"},\"potentialAction\":[{\"@type\":\"SearchAction\",\"target\":{\"@type\":\"EntryPoint\",\"urlTemplate\":\"https:\\\/\\\/ess-villars.ch\\\/fr\\\/?s={search_term_string}\"},\"query-input\":{\"@type\":\"PropertyValueSpecification\",\"valueRequired\":true,\"valueName\":\"search_term_string\"}}],\"inLanguage\":\"fr-FR\"},{\"@type\":\"Organization\",\"@id\":\"https:\\\/\\\/ess-villars.ch\\\/fr\\\/#organization\",\"name\":\"ESS Villars\",\"url\":\"https:\\\/\\\/ess-villars.ch\\\/fr\\\/\",\"logo\":{\"@type\":\"ImageObject\",\"inLanguage\":\"fr-FR\",\"@id\":\"https:\\\/\\\/ess-villars.ch\\\/fr\\\/#\\\/schema\\\/logo\\\/image\\\/\",\"url\":\"https:\\\/\\\/ess-villars.ch\\\/wp-content\\\/uploads\\\/2023\\\/08\\\/ESS_Villars_logo_png.png\",\"contentUrl\":\"https:\\\/\\\/ess-villars.ch\\\/wp-content\\\/uploads\\\/2023\\\/08\\\/ESS_Villars_logo_png.png\",\"width\":1181,\"height\":1181,\"caption\":\"ESS Villars\"},\"image\":{\"@id\":\"https:\\\/\\\/ess-villars.ch\\\/fr\\\/#\\\/schema\\\/logo\\\/image\\\/\"}}]}<\/script>\n<!-- \/ Yoast SEO plugin. -->","yoast_head_json":{"title":"Bon cadeau - ESS Villars","robots":{"index":"index","follow":"follow","max-snippet":"max-snippet:-1","max-image-preview":"max-image-preview:large","max-video-preview":"max-video-preview:-1"},"canonical":"https:\/\/ess-villars.ch\/fr\/cours\/bon-cadeau\/","og_locale":"fr_FR","og_type":"article","og_title":"Bon cadeau - ESS Villars","og_description":"Vous voulez faire plaisir \u00e0 vos proches ?Offrez un bon cadeau de l&rsquo;ESS Villars ! J&rsquo;ach\u00e8te un bon cadeau en ligne et le re\u00e7ois par la poste. Bon cadeau de CHF 80.- Bon cadeau de CHF 100.- Bon cadeau de CHF 200.- Bon cadeau de CHF 500.-","og_url":"https:\/\/ess-villars.ch\/fr\/cours\/bon-cadeau","og_site_name":"ESS Villars","article_modified_time":"2023-11-29T15:31:03+00:00","og_image":[{"url":"https:\/\/ess-villars.ch\/wp-content\/uploads\/2023\/10\/bon-cadeau.png","type":"","width":"","height":""}],"twitter_card":"summary_large_image","twitter_misc":{"Dur\u00e9e de lecture estim\u00e9e":"1 minute"},"schema":{"@context":"https:\/\/schema.org","@graph":[{"@type":"WebPage","@id":"https:\/\/ess-villars.ch\/fr\/cours\/bon-cadeau","url":"https:\/\/ess-villars.ch\/fr\/cours\/bon-cadeau","name":"Bon cadeau - ESS Villars","isPartOf":{"@id":"https:\/\/ess-villars.ch\/fr\/#website"},"primaryImageOfPage":{"@id":"https:\/\/ess-villars.ch\/fr\/cours\/bon-cadeau#primaryimage"},"image":{"@id":"https:\/\/ess-villars.ch\/fr\/cours\/bon-cadeau#primaryimage"},"thumbnailUrl":"https:\/\/ess-villars.ch\/wp-content\/uploads\/2023\/10\/bon-cadeau.png","datePublished":"2023-10-11T12:02:08+00:00","dateModified":"2023-11-29T15:31:03+00:00","breadcrumb":{"@id":"https:\/\/ess-villars.ch\/fr\/cours\/bon-cadeau#breadcrumb"},"inLanguage":"fr-FR","potentialAction":[{"@type":"ReadAction","target":["https:\/\/ess-villars.ch\/fr\/cours\/bon-cadeau"]}]},{"@type":"ImageObject","inLanguage":"fr-FR","@id":"https:\/\/ess-villars.ch\/fr\/cours\/bon-cadeau#primaryimage","url":"https:\/\/ess-villars.ch\/wp-content\/uploads\/2023\/10\/bon-cadeau.png","contentUrl":"https:\/\/ess-villars.ch\/wp-content\/uploads\/2023\/10\/bon-cadeau.png"},{"@type":"BreadcrumbList","@id":"https:\/\/ess-villars.ch\/fr\/cours\/bon-cadeau#breadcrumb","itemListElement":[{"@type":"ListItem","position":1,"name":"Home","item":"https:\/\/ess-villars.ch\/fr\/"},{"@type":"ListItem","position":2,"name":"Bon cadeau"}]},{"@type":"WebSite","@id":"https:\/\/ess-villars.ch\/fr\/#website","url":"https:\/\/ess-villars.ch\/fr\/","name":"ESS Villars","description":"Join the red legend !","publisher":{"@id":"https:\/\/ess-villars.ch\/fr\/#organization"},"potentialAction":[{"@type":"SearchAction","target":{"@type":"EntryPoint","urlTemplate":"https:\/\/ess-villars.ch\/fr\/?s={search_term_string}"},"query-input":{"@type":"PropertyValueSpecification","valueRequired":true,"valueName":"search_term_string"}}],"inLanguage":"fr-FR"},{"@type":"Organization","@id":"https:\/\/ess-villars.ch\/fr\/#organization","name":"ESS Villars","url":"https:\/\/ess-villars.ch\/fr\/","logo":{"@type":"ImageObject","inLanguage":"fr-FR","@id":"https:\/\/ess-villars.ch\/fr\/#\/schema\/logo\/image\/","url":"https:\/\/ess-villars.ch\/wp-content\/uploads\/2023\/08\/ESS_Villars_logo_png.png","contentUrl":"https:\/\/ess-villars.ch\/wp-content\/uploads\/2023\/08\/ESS_Villars_logo_png.png","width":1181,"height":1181,"caption":"ESS Villars"},"image":{"@id":"https:\/\/ess-villars.ch\/fr\/#\/schema\/logo\/image\/"}}]}},"_links":{"self":[{"href":"https:\/\/ess-villars.ch\/fr\/wp-json\/wp\/v2\/pages\/33338","targetHints":{"allow":["GET"]}}],"collection":[{"href":"https:\/\/ess-villars.ch\/fr\/wp-json\/wp\/v2\/pages"}],"about":[{"href":"https:\/\/ess-villars.ch\/fr\/wp-json\/wp\/v2\/types\/page"}],"author":[{"embeddable":true,"href":"https:\/\/ess-villars.ch\/fr\/wp-json\/wp\/v2\/users\/1"}],"replies":[{"embeddable":true,"href":"https:\/\/ess-villars.ch\/fr\/wp-json\/wp\/v2\/comments?post=33338"}],"version-history":[{"count":63,"href":"https:\/\/ess-villars.ch\/fr\/wp-json\/wp\/v2\/pages\/33338\/revisions"}],"predecessor-version":[{"id":38527,"href":"https:\/\/ess-villars.ch\/fr\/wp-json\/wp\/v2\/pages\/33338\/revisions\/38527"}],"wp:attachment":[{"href":"https:\/\/ess-villars.ch\/fr\/wp-json\/wp\/v2\/media?parent=33338"}],"curies":[{"name":"wp","href":"https:\/\/api.w.org\/{rel}","templated":true}]}}